{"id":3465,"date":"2021-10-20T14:58:51","date_gmt":"2021-10-20T14:58:51","guid":{"rendered":"https:\/\/new.iqcol.com\/?page_id=3465"},"modified":"2025-04-19T11:22:36","modified_gmt":"2025-04-19T16:22:36","slug":"nuestro-blog","status":"publish","type":"page","link":"https:\/\/iqcol.com\/en\/nuestro-blog\/","title":{"rendered":"Our Blog"},"content":{"rendered":"<div data-elementor-type=\"wp-page\" data-elementor-id=\"3465\" class=\"elementor elementor-3465\" data-elementor-post-type=\"page\">\n\t\t\t\t\t\t<section class=\"elementor-section elementor-top-section elementor-element elementor-element-b9c5657 elementor-section-height-min-height elementor-section-boxed elementor-section-height-default elementor-section-items-middle\" data-id=\"b9c5657\" data-element_type=\"section\" data-e-type=\"section\" data-settings=\"{&quot;background_background&quot;:&quot;classic&quot;}\">\n\t\t\t\t\t\t\t<div class=\"elementor-background-overlay\"><\/div>\n\t\t\t\t\t\t\t<div class=\"elementor-container elementor-column-gap-default\">\n\t\t\t\t\t<div class=\"elementor-column elementor-col-100 elementor-top-column elementor-element elementor-element-df68cfa\" data-id=\"df68cfa\" data-element_type=\"column\" data-e-type=\"column\">\n\t\t\t<div class=\"elementor-widget-wrap elementor-element-populated\">\n\t\t\t\t\t\t<div class=\"elementor-element elementor-element-e4890f0 animated-fast elementor-invisible elementor-widget elementor-widget-heading\" data-id=\"e4890f0\" data-element_type=\"widget\" data-e-type=\"widget\" data-settings=\"{&quot;_animation&quot;:&quot;fadeInUp&quot;,&quot;_animation_delay&quot;:500,&quot;ultimate_floating_fx_translate_y&quot;:{&quot;unit&quot;:&quot;px&quot;,&quot;size&quot;:&quot;&quot;,&quot;sizes&quot;:[]}}\" data-widget_type=\"heading.default\">\n\t\t\t\t<div class=\"elementor-widget-container\">\n\t\t\t\t\t<h1 class=\"elementor-heading-title elementor-size-default\">Our Blog<\/h1>\t\t\t\t<\/div>\n\t\t\t\t<\/div>\n\t\t\t\t<div class=\"elementor-element elementor-element-9e44f94 animated-fast elementor-invisible elementor-widget elementor-widget-heading\" data-id=\"9e44f94\" data-element_type=\"widget\" data-e-type=\"widget\" data-settings=\"{&quot;_animation&quot;:&quot;fadeInUp&quot;,&quot;_animation_delay&quot;:300,&quot;ultimate_floating_fx_translate_y&quot;:{&quot;unit&quot;:&quot;px&quot;,&quot;size&quot;:&quot;&quot;,&quot;sizes&quot;:[]}}\" data-widget_type=\"heading.default\">\n\t\t\t\t<div class=\"elementor-widget-container\">\n\t\t\t\t\t<h2 class=\"elementor-heading-title elementor-size-default\">Know the key trends and best practices in digital security<\/h2>\t\t\t\t<\/div>\n\t\t\t\t<\/div>\n\t\t\t\t\t<\/div>\n\t\t<\/div>\n\t\t\t\t\t<\/div>\n\t\t<\/section>\n\t\t\t\t<section class=\"elementor-section elementor-top-section elementor-element elementor-element-71e4dec elementor-section-boxed elementor-section-height-default elementor-section-height-default\" data-id=\"71e4dec\" data-element_type=\"section\" data-e-type=\"section\">\n\t\t\t\t\t\t<div class=\"elementor-container elementor-column-gap-default\">\n\t\t\t\t\t<div class=\"elementor-column elementor-col-100 elementor-top-column elementor-element elementor-element-d1535c9\" data-id=\"d1535c9\" data-element_type=\"column\" data-e-type=\"column\">\n\t\t\t<div class=\"elementor-widget-wrap elementor-element-populated\">\n\t\t\t\t\t\t<div class=\"elementor-element elementor-element-328f1e5 elementor-posts--align-left elementor-grid-3 elementor-grid-tablet-2 elementor-grid-mobile-1 elementor-posts--thumbnail-top elementor-widget elementor-widget-posts\" data-id=\"328f1e5\" data-element_type=\"widget\" data-e-type=\"widget\" data-settings=\"{&quot;pagination_type&quot;:&quot;numbers&quot;,&quot;classic_columns&quot;:&quot;3&quot;,&quot;classic_columns_tablet&quot;:&quot;2&quot;,&quot;classic_columns_mobile&quot;:&quot;1&quot;,&quot;classic_row_gap&quot;:{&quot;unit&quot;:&quot;px&quot;,&quot;size&quot;:35,&quot;sizes&quot;:[]},&quot;classic_row_gap_tablet&quot;:{&quot;unit&quot;:&quot;px&quot;,&quot;size&quot;:&quot;&quot;,&quot;sizes&quot;:[]},&quot;classic_row_gap_mobile&quot;:{&quot;unit&quot;:&quot;px&quot;,&quot;size&quot;:&quot;&quot;,&quot;sizes&quot;:[]},&quot;ultimate_floating_fx_translate_y&quot;:{&quot;unit&quot;:&quot;px&quot;,&quot;size&quot;:&quot;&quot;,&quot;sizes&quot;:[]}}\" data-widget_type=\"posts.classic\">\n\t\t\t\t<div class=\"elementor-widget-container\">\n\t\t\t\t\t\t\t<div class=\"elementor-posts-container elementor-posts elementor-posts--skin-classic elementor-grid\" role=\"list\">\n\t\t\t\t<article class=\"elementor-post elementor-grid-item post-15763 post type-post status-publish format-standard has-post-thumbnail hentry category-noticias\" role=\"listitem\">\n\t\t\t\t<a class=\"elementor-post__thumbnail__link\" href=\"https:\/\/iqcol.com\/en\/migracion-a-aes-en-sistemas-de-pago-estrategias-2026\/\" tabindex=\"-1\">\n\t\t\t<div class=\"elementor-post__thumbnail\"><img decoding=\"async\" width=\"300\" height=\"164\" src=\"https:\/\/iqcol.com\/wp-content\/uploads\/2026\/03\/Migracion-a-AES-en-sistemas-de-pago-300x164.webp\" class=\"attachment-medium size-medium wp-image-15766\" alt=\"Migraci\u00f3n a AES en sistemas de pago\" title=\"\" srcset=\"https:\/\/iqcol.com\/wp-content\/uploads\/2026\/03\/Migracion-a-AES-en-sistemas-de-pago-300x164.webp 300w, https:\/\/iqcol.com\/wp-content\/uploads\/2026\/03\/Migracion-a-AES-en-sistemas-de-pago-1024x559.webp 1024w, https:\/\/iqcol.com\/wp-content\/uploads\/2026\/03\/Migracion-a-AES-en-sistemas-de-pago-768x419.webp 768w, https:\/\/iqcol.com\/wp-content\/uploads\/2026\/03\/Migracion-a-AES-en-sistemas-de-pago-18x10.webp 18w, https:\/\/iqcol.com\/wp-content\/uploads\/2026\/03\/Migracion-a-AES-en-sistemas-de-pago-570x311.webp 570w, https:\/\/iqcol.com\/wp-content\/uploads\/2026\/03\/Migracion-a-AES-en-sistemas-de-pago-270x147.webp 270w, https:\/\/iqcol.com\/wp-content\/uploads\/2026\/03\/Migracion-a-AES-en-sistemas-de-pago.webp 1408w\" sizes=\"(max-width: 300px) 100vw, 300px\" \/><\/div>\n\t\t<\/a>\n\t\t\t\t<div class=\"elementor-post__text\">\n\t\t\t\t<h3 class=\"elementor-post__title\">\n\t\t\t<a href=\"https:\/\/iqcol.com\/en\/migracion-a-aes-en-sistemas-de-pago-estrategias-2026\/\">\n\t\t\t\tMigraci\u00f3n a AES en sistemas de pago: Estrategias para una transici\u00f3n sin fricciones\t\t\t<\/a>\n\t\t<\/h3>\n\t\t\t\t<div class=\"elementor-post__meta-data\">\n\t\t\t\t\t<span class=\"elementor-post-date\">\n\t\t\t17 de March de 2026\t\t<\/span>\n\t\t\t\t<\/div>\n\t\t\t\t<div class=\"elementor-post__excerpt\">\n\t\t\t<p>La modernizaci\u00f3n de la infraestructura transaccional en Am\u00e9rica Latina ha llegado a un punto de no retorno. Tras analizar por qu\u00e9 el est\u00e1ndar PCI impulsa<\/p>\n\t\t<\/div>\n\t\t\n\t\t<a class=\"elementor-post__read-more\" href=\"https:\/\/iqcol.com\/en\/migracion-a-aes-en-sistemas-de-pago-estrategias-2026\/\" aria-label=\"Read more about Migraci\u00f3n a AES en sistemas de pago: Estrategias para una transici\u00f3n sin fricciones\" tabindex=\"-1\">\n\t\t\tRead more &#034;\t\t<\/a>\n\n\t\t\t\t<\/div>\n\t\t\t\t<\/article>\n\t\t\t\t<article class=\"elementor-post elementor-grid-item post-15752 post type-post status-publish format-standard has-post-thumbnail hentry category-noticias\" role=\"listitem\">\n\t\t\t\t<a class=\"elementor-post__thumbnail__link\" href=\"https:\/\/iqcol.com\/en\/pin-blocks-y-key-blocks-la-migracion-a-aes\/\" tabindex=\"-1\">\n\t\t\t<div class=\"elementor-post__thumbnail\"><img decoding=\"async\" width=\"300\" height=\"164\" src=\"https:\/\/iqcol.com\/wp-content\/uploads\/2026\/03\/PIN-Blocks-y-Key-Blocks-300x164.webp\" class=\"attachment-medium size-medium wp-image-15756\" alt=\"PIN Blocks y Key Blocks\" title=\"\" srcset=\"https:\/\/iqcol.com\/wp-content\/uploads\/2026\/03\/PIN-Blocks-y-Key-Blocks-300x164.webp 300w, https:\/\/iqcol.com\/wp-content\/uploads\/2026\/03\/PIN-Blocks-y-Key-Blocks-1024x559.webp 1024w, https:\/\/iqcol.com\/wp-content\/uploads\/2026\/03\/PIN-Blocks-y-Key-Blocks-768x419.webp 768w, https:\/\/iqcol.com\/wp-content\/uploads\/2026\/03\/PIN-Blocks-y-Key-Blocks-18x10.webp 18w, https:\/\/iqcol.com\/wp-content\/uploads\/2026\/03\/PIN-Blocks-y-Key-Blocks-570x311.webp 570w, https:\/\/iqcol.com\/wp-content\/uploads\/2026\/03\/PIN-Blocks-y-Key-Blocks-270x147.webp 270w, https:\/\/iqcol.com\/wp-content\/uploads\/2026\/03\/PIN-Blocks-y-Key-Blocks.webp 1408w\" sizes=\"(max-width: 300px) 100vw, 300px\" \/><\/div>\n\t\t<\/a>\n\t\t\t\t<div class=\"elementor-post__text\">\n\t\t\t\t<h3 class=\"elementor-post__title\">\n\t\t\t<a href=\"https:\/\/iqcol.com\/en\/pin-blocks-y-key-blocks-la-migracion-a-aes\/\">\n\t\t\t\tPIN Blocks y Key Blocks: La migraci\u00f3n a AES explicada de forma sencilla\t\t\t<\/a>\n\t\t<\/h3>\n\t\t\t\t<div class=\"elementor-post__meta-data\">\n\t\t\t\t\t<span class=\"elementor-post-date\">\n\t\t\t10 de March de 2026\t\t<\/span>\n\t\t\t\t<\/div>\n\t\t\t\t<div class=\"elementor-post__excerpt\">\n\t\t\t<p>En el ecosistema financiero, la seguridad no siempre es visible, pero es lo que sostiene la confianza de millones de usuarios. Como vimos en nuestro<\/p>\n\t\t<\/div>\n\t\t\n\t\t<a class=\"elementor-post__read-more\" href=\"https:\/\/iqcol.com\/en\/pin-blocks-y-key-blocks-la-migracion-a-aes\/\" aria-label=\"Read more about PIN Blocks y Key Blocks: La migraci\u00f3n a AES explicada de forma sencilla\" tabindex=\"-1\">\n\t\t\tRead more &#034;\t\t<\/a>\n\n\t\t\t\t<\/div>\n\t\t\t\t<\/article>\n\t\t\t\t<article class=\"elementor-post elementor-grid-item post-15746 post type-post status-publish format-standard has-post-thumbnail hentry category-noticias\" role=\"listitem\">\n\t\t\t\t<a class=\"elementor-post__thumbnail__link\" href=\"https:\/\/iqcol.com\/en\/pci-acelera-la-migracion-a-aes-el-cambio-silencioso\/\" tabindex=\"-1\">\n\t\t\t<div class=\"elementor-post__thumbnail\"><img decoding=\"async\" width=\"300\" height=\"164\" src=\"https:\/\/iqcol.com\/wp-content\/uploads\/2026\/02\/La-migracion-a-AES-300x164.webp\" class=\"attachment-medium size-medium wp-image-15747\" alt=\"La migraci\u00f3n a AES\" title=\"\" srcset=\"https:\/\/iqcol.com\/wp-content\/uploads\/2026\/02\/La-migracion-a-AES-300x164.webp 300w, https:\/\/iqcol.com\/wp-content\/uploads\/2026\/02\/La-migracion-a-AES-1024x559.webp 1024w, https:\/\/iqcol.com\/wp-content\/uploads\/2026\/02\/La-migracion-a-AES-768x419.webp 768w, https:\/\/iqcol.com\/wp-content\/uploads\/2026\/02\/La-migracion-a-AES-18x10.webp 18w, https:\/\/iqcol.com\/wp-content\/uploads\/2026\/02\/La-migracion-a-AES-570x311.webp 570w, https:\/\/iqcol.com\/wp-content\/uploads\/2026\/02\/La-migracion-a-AES-270x147.webp 270w, https:\/\/iqcol.com\/wp-content\/uploads\/2026\/02\/La-migracion-a-AES.webp 1408w\" sizes=\"(max-width: 300px) 100vw, 300px\" \/><\/div>\n\t\t<\/a>\n\t\t\t\t<div class=\"elementor-post__text\">\n\t\t\t\t<h3 class=\"elementor-post__title\">\n\t\t\t<a href=\"https:\/\/iqcol.com\/en\/pci-acelera-la-migracion-a-aes-el-cambio-silencioso\/\">\n\t\t\t\tPCI acelera la migraci\u00f3n a AES: El cambio silencioso que impacta los sistemas de pago\t\t\t<\/a>\n\t\t<\/h3>\n\t\t\t\t<div class=\"elementor-post__meta-data\">\n\t\t\t\t\t<span class=\"elementor-post-date\">\n\t\t\t3 de March de 2026\t\t<\/span>\n\t\t\t\t<\/div>\n\t\t\t\t<div class=\"elementor-post__excerpt\">\n\t\t\t<p>En el ecosistema de pagos globales, algunos de los cambios m\u00e1s trascendentales no ocurren en la interfaz de usuario, sino en las capas invisibles de<\/p>\n\t\t<\/div>\n\t\t\n\t\t<a class=\"elementor-post__read-more\" href=\"https:\/\/iqcol.com\/en\/pci-acelera-la-migracion-a-aes-el-cambio-silencioso\/\" aria-label=\"Read more about PCI acelera la migraci\u00f3n a AES: El cambio silencioso que impacta los sistemas de pago\" tabindex=\"-1\">\n\t\t\tRead more &#034;\t\t<\/a>\n\n\t\t\t\t<\/div>\n\t\t\t\t<\/article>\n\t\t\t\t<article class=\"elementor-post elementor-grid-item post-15743 post type-post status-publish format-standard has-post-thumbnail hentry category-noticias\" role=\"listitem\">\n\t\t\t\t<a class=\"elementor-post__thumbnail__link\" href=\"https:\/\/iqcol.com\/en\/acceso-financiero-no-es-digitalizacion-de-pagos-2026\/\" tabindex=\"-1\">\n\t\t\t<div class=\"elementor-post__thumbnail\"><img loading=\"lazy\" decoding=\"async\" width=\"300\" height=\"164\" src=\"https:\/\/iqcol.com\/wp-content\/uploads\/2026\/02\/inclusion-financiera-300x164.webp\" class=\"attachment-medium size-medium wp-image-15744\" alt=\"inclusi\u00f3n financiero\" title=\"\" srcset=\"https:\/\/iqcol.com\/wp-content\/uploads\/2026\/02\/inclusion-financiera-300x164.webp 300w, https:\/\/iqcol.com\/wp-content\/uploads\/2026\/02\/inclusion-financiera-1024x559.webp 1024w, https:\/\/iqcol.com\/wp-content\/uploads\/2026\/02\/inclusion-financiera-768x419.webp 768w, https:\/\/iqcol.com\/wp-content\/uploads\/2026\/02\/inclusion-financiera-18x10.webp 18w, https:\/\/iqcol.com\/wp-content\/uploads\/2026\/02\/inclusion-financiera-570x311.webp 570w, https:\/\/iqcol.com\/wp-content\/uploads\/2026\/02\/inclusion-financiera-270x147.webp 270w, https:\/\/iqcol.com\/wp-content\/uploads\/2026\/02\/inclusion-financiera.webp 1408w\" sizes=\"(max-width: 300px) 100vw, 300px\" \/><\/div>\n\t\t<\/a>\n\t\t\t\t<div class=\"elementor-post__text\">\n\t\t\t\t<h3 class=\"elementor-post__title\">\n\t\t\t<a href=\"https:\/\/iqcol.com\/en\/acceso-financiero-no-es-digitalizacion-de-pagos-2026\/\">\n\t\t\t\tAcceso financiero no es digitalizaci\u00f3n de pagos: La brecha que persiste en Colombia\t\t\t<\/a>\n\t\t<\/h3>\n\t\t\t\t<div class=\"elementor-post__meta-data\">\n\t\t\t\t\t<span class=\"elementor-post-date\">\n\t\t\t24 de February de 2026\t\t<\/span>\n\t\t\t\t<\/div>\n\t\t\t\t<div class=\"elementor-post__excerpt\">\n\t\t\t<p>Durante la \u00faltima d\u00e9cada, Colombia ha sido aclamada internacionalmente como un caso de \u00e9xito en inclusi\u00f3n financiera y adopci\u00f3n de billeteras digitales. La narrativa oficial<\/p>\n\t\t<\/div>\n\t\t\n\t\t<a class=\"elementor-post__read-more\" href=\"https:\/\/iqcol.com\/en\/acceso-financiero-no-es-digitalizacion-de-pagos-2026\/\" aria-label=\"Read more about Acceso financiero no es digitalizaci\u00f3n de pagos: La brecha que persiste en Colombia\" tabindex=\"-1\">\n\t\t\tRead more &#034;\t\t<\/a>\n\n\t\t\t\t<\/div>\n\t\t\t\t<\/article>\n\t\t\t\t<article class=\"elementor-post elementor-grid-item post-15736 post type-post status-publish format-standard has-post-thumbnail hentry category-noticias\" role=\"listitem\">\n\t\t\t\t<a class=\"elementor-post__thumbnail__link\" href=\"https:\/\/iqcol.com\/en\/pagos-inmediatos-en-america-latina-2026\/\" tabindex=\"-1\">\n\t\t\t<div class=\"elementor-post__thumbnail\"><img loading=\"lazy\" decoding=\"async\" width=\"300\" height=\"164\" src=\"https:\/\/iqcol.com\/wp-content\/uploads\/2026\/02\/Pagos-inmediatos-en-LATAM-300x164.webp\" class=\"attachment-medium size-medium wp-image-15737\" alt=\"Pagos inmediatos en LATAM\" title=\"\" srcset=\"https:\/\/iqcol.com\/wp-content\/uploads\/2026\/02\/Pagos-inmediatos-en-LATAM-300x164.webp 300w, https:\/\/iqcol.com\/wp-content\/uploads\/2026\/02\/Pagos-inmediatos-en-LATAM-1024x559.webp 1024w, https:\/\/iqcol.com\/wp-content\/uploads\/2026\/02\/Pagos-inmediatos-en-LATAM-768x419.webp 768w, https:\/\/iqcol.com\/wp-content\/uploads\/2026\/02\/Pagos-inmediatos-en-LATAM-18x10.webp 18w, https:\/\/iqcol.com\/wp-content\/uploads\/2026\/02\/Pagos-inmediatos-en-LATAM-570x311.webp 570w, https:\/\/iqcol.com\/wp-content\/uploads\/2026\/02\/Pagos-inmediatos-en-LATAM-270x147.webp 270w, https:\/\/iqcol.com\/wp-content\/uploads\/2026\/02\/Pagos-inmediatos-en-LATAM.webp 1408w\" sizes=\"(max-width: 300px) 100vw, 300px\" \/><\/div>\n\t\t<\/a>\n\t\t\t\t<div class=\"elementor-post__text\">\n\t\t\t\t<h3 class=\"elementor-post__title\">\n\t\t\t<a href=\"https:\/\/iqcol.com\/en\/pagos-inmediatos-en-america-latina-2026\/\">\n\t\t\t\tPagos Inmediatos en Am\u00e9rica Latina: La Revoluci\u00f3n del Tiempo Real en 2026\t\t\t<\/a>\n\t\t<\/h3>\n\t\t\t\t<div class=\"elementor-post__meta-data\">\n\t\t\t\t\t<span class=\"elementor-post-date\">\n\t\t\t17 de February de 2026\t\t<\/span>\n\t\t\t\t<\/div>\n\t\t\t\t<div class=\"elementor-post__excerpt\">\n\t\t\t<p>Los pagos inmediatos se han consolidado como el principal catalizador de la transformaci\u00f3n financiera en Am\u00e9rica Latina. En menos de una d\u00e9cada, este modelo pas\u00f3<\/p>\n\t\t<\/div>\n\t\t\n\t\t<a class=\"elementor-post__read-more\" href=\"https:\/\/iqcol.com\/en\/pagos-inmediatos-en-america-latina-2026\/\" aria-label=\"Read more about Pagos Inmediatos en Am\u00e9rica Latina: La Revoluci\u00f3n del Tiempo Real en 2026\" tabindex=\"-1\">\n\t\t\tRead more &#034;\t\t<\/a>\n\n\t\t\t\t<\/div>\n\t\t\t\t<\/article>\n\t\t\t\t<article class=\"elementor-post elementor-grid-item post-15728 post type-post status-publish format-standard has-post-thumbnail hentry category-noticias\" role=\"listitem\">\n\t\t\t\t<a class=\"elementor-post__thumbnail__link\" href=\"https:\/\/iqcol.com\/en\/digitalizacion-financiera-en-america-latina\/\" tabindex=\"-1\">\n\t\t\t<div class=\"elementor-post__thumbnail\"><img loading=\"lazy\" decoding=\"async\" width=\"300\" height=\"164\" src=\"https:\/\/iqcol.com\/wp-content\/uploads\/2026\/02\/digitalizacion-financiera-en-America-Latina-300x164.webp\" class=\"attachment-medium size-medium wp-image-15729\" alt=\"digitalizaci\u00f3n financiera en Am\u00e9rica Latina\" title=\"\" srcset=\"https:\/\/iqcol.com\/wp-content\/uploads\/2026\/02\/digitalizacion-financiera-en-America-Latina-300x164.webp 300w, https:\/\/iqcol.com\/wp-content\/uploads\/2026\/02\/digitalizacion-financiera-en-America-Latina-1024x559.webp 1024w, https:\/\/iqcol.com\/wp-content\/uploads\/2026\/02\/digitalizacion-financiera-en-America-Latina-768x419.webp 768w, https:\/\/iqcol.com\/wp-content\/uploads\/2026\/02\/digitalizacion-financiera-en-America-Latina-18x10.webp 18w, https:\/\/iqcol.com\/wp-content\/uploads\/2026\/02\/digitalizacion-financiera-en-America-Latina-570x311.webp 570w, https:\/\/iqcol.com\/wp-content\/uploads\/2026\/02\/digitalizacion-financiera-en-America-Latina-270x147.webp 270w, https:\/\/iqcol.com\/wp-content\/uploads\/2026\/02\/digitalizacion-financiera-en-America-Latina.webp 1408w\" sizes=\"(max-width: 300px) 100vw, 300px\" \/><\/div>\n\t\t<\/a>\n\t\t\t\t<div class=\"elementor-post__text\">\n\t\t\t\t<h3 class=\"elementor-post__title\">\n\t\t\t<a href=\"https:\/\/iqcol.com\/en\/digitalizacion-financiera-en-america-latina\/\">\n\t\t\t\tPanorama de la digitalizaci\u00f3n financiera en Am\u00e9rica Latina: del efectivo a los pagos digitales\t\t\t<\/a>\n\t\t<\/h3>\n\t\t\t\t<div class=\"elementor-post__meta-data\">\n\t\t\t\t\t<span class=\"elementor-post-date\">\n\t\t\t10 de February de 2026\t\t<\/span>\n\t\t\t\t<\/div>\n\t\t\t\t<div class=\"elementor-post__excerpt\">\n\t\t\t<p>La digitalizaci\u00f3n financiera en Am\u00e9rica Latina Dej\u00f3 de ser una promesa futura para convertirse en una realidad tangible. Pagos digitales, billeteras electr\u00f3nicas, transferencias inmediatas y<\/p>\n\t\t<\/div>\n\t\t\n\t\t<a class=\"elementor-post__read-more\" href=\"https:\/\/iqcol.com\/en\/digitalizacion-financiera-en-america-latina\/\" aria-label=\"Read more about Panorama de la digitalizaci\u00f3n financiera en Am\u00e9rica Latina: del efectivo a los pagos digitales\" tabindex=\"-1\">\n\t\t\tRead more &#034;\t\t<\/a>\n\n\t\t\t\t<\/div>\n\t\t\t\t<\/article>\n\t\t\t\t<\/div>\n\t\t\n\t\t\t\t<div class=\"e-load-more-anchor\" data-page=\"1\" data-max-page=\"32\" data-next-page=\"https:\/\/iqcol.com\/en\/wp-json\/wp\/v2\/pages\/3465\/page\/2\/\"><\/div>\n\t\t\t\t<nav class=\"elementor-pagination\" aria-label=\"Pagination\">\n\t\t\t<span aria-current=\"page\" class=\"page-numbers current\"><span class=\"elementor-screen-only\">Page<\/span>1<\/span>\n<a class=\"page-numbers\" href=\"https:\/\/iqcol.com\/en\/wp-json\/wp\/v2\/pages\/3465\/page\/2\/\"><span class=\"elementor-screen-only\">Page<\/span>2<\/a>\n<a class=\"page-numbers\" href=\"https:\/\/iqcol.com\/en\/wp-json\/wp\/v2\/pages\/3465\/page\/3\/\"><span class=\"elementor-screen-only\">Page<\/span>3<\/a>\n<a class=\"page-numbers\" href=\"https:\/\/iqcol.com\/en\/wp-json\/wp\/v2\/pages\/3465\/page\/4\/\"><span class=\"elementor-screen-only\">Page<\/span>4<\/a>\n<a class=\"page-numbers\" href=\"https:\/\/iqcol.com\/en\/wp-json\/wp\/v2\/pages\/3465\/page\/5\/\"><span class=\"elementor-screen-only\">Page<\/span>5<\/a>\t\t<\/nav>\n\t\t\t\t\t\t<\/div>\n\t\t\t\t<\/div>\n\t\t\t\t\t<\/div>\n\t\t<\/div>\n\t\t\t\t\t<\/div>\n\t\t<\/section>\n\t\t\t\t<\/div>","protected":false},"excerpt":{"rendered":"<p>Nuestro Blog Conoce las claves, tendencias y buenas pr\u00e1cticas en seguridad digital<\/p>","protected":false},"author":1,"featured_media":0,"parent":0,"menu_order":0,"comment_status":"closed","ping_status":"closed","template":"elementor_header_footer","meta":{"footnotes":""},"class_list":["post-3465","page","type-page","status-publish","hentry"],"blocksy_meta":[],"_links":{"self":[{"href":"https:\/\/iqcol.com\/en\/wp-json\/wp\/v2\/pages\/3465","targetHints":{"allow":["GET"]}}],"collection":[{"href":"https:\/\/iqcol.com\/en\/wp-json\/wp\/v2\/pages"}],"about":[{"href":"https:\/\/iqcol.com\/en\/wp-json\/wp\/v2\/types\/page"}],"author":[{"embeddable":true,"href":"https:\/\/iqcol.com\/en\/wp-json\/wp\/v2\/users\/1"}],"replies":[{"embeddable":true,"href":"https:\/\/iqcol.com\/en\/wp-json\/wp\/v2\/comments?post=3465"}],"version-history":[{"count":0,"href":"https:\/\/iqcol.com\/en\/wp-json\/wp\/v2\/pages\/3465\/revisions"}],"wp:attachment":[{"href":"https:\/\/iqcol.com\/en\/wp-json\/wp\/v2\/media?parent=3465"}],"curies":[{"name":"wp","href":"https:\/\/api.w.org\/{rel}","templated":true}]}}